{"id":1477,"date":"2024-12-11T20:11:18","date_gmt":"2024-12-11T23:11:18","guid":{"rendered":"https:\/\/psi-spa.cl\/psi-spa.cl\/?post_type=product&#038;p=1477"},"modified":"2024-12-11T20:11:18","modified_gmt":"2024-12-11T23:11:18","slug":"fluke-115-field-technicians-digital-multimeter","status":"publish","type":"product","link":"https:\/\/psi-spa.cl\/psi-spa.cl\/producto\/fluke-115-field-technicians-digital-multimeter\/","title":{"rendered":"Fluke 115 Field Technicians Digital Multimeter"},"content":{"rendered":"","protected":false},"excerpt":{"rendered":"<div class=\"elementor-element elementor-element-4d09953 elementor-widget elementor-widget-text-editor\" data-id=\"4d09953\" data-element_type=\"widget\" data-widget_type=\"text-editor.default\">\n<div class=\"elementor-widget-container\">Es la compa\u00f1\u00eda a nivel mundial que lidera la fabricaci\u00f3n, distribuci\u00f3n y mantenimiento de equipos para medidas el\u00e9ctricas, electr\u00f3nicas y de procesos, adem\u00e1s de los equipos de calibraci\u00f3n de variables el\u00e9ctricas, presi\u00f3n y temperatura.<\/div>\n<\/div>\n<div class=\"elementor-element elementor-element-3e8edf8 elementor-widget-divider--view-line elementor-widget elementor-widget-divider\" data-id=\"3e8edf8\" data-element_type=\"widget\" data-widget_type=\"divider.default\">\n<div class=\"elementor-widget-container\">\n<div class=\"elementor-divider\"><img decoding=\"async\" src=\"https:\/\/globalsuministros.cl\/wp-content\/uploads\/2022\/12\/13.png\" \/><\/div>\n<\/div>\n<\/div>\n","protected":false},"featured_media":1468,"template":"","meta":{"site-sidebar-layout":"default","site-content-layout":"","ast-site-content-layout":"default","site-content-style":"default","site-sidebar-style":"default","ast-global-header-display":"","ast-banner-title-visibility":"","ast-main-header-display":"","ast-hfb-above-header-display":"","ast-hfb-below-header-display":"","ast-hfb-mobile-header-display":"","site-post-title":"","ast-breadcrumbs-content":"","ast-featured-img":"","footer-sml-layout":"","theme-transparent-header-meta":"default","adv-header-id-meta":"","stick-header-meta":"","header-above-stick-meta":"","header-main-stick-meta":"","header-below-stick-meta":"","astra-migrate-meta-layouts":"set","ast-page-background-enabled":"default","ast-page-background-meta":{"desktop":{"background-color":"var(--ast-global-color-4)","background-image":"","background-repeat":"repeat","background-position":"center center","background-size":"auto","background-attachment":"scroll","background-type":"","background-media":"","overlay-type":"","overlay-color":"","overlay-opacity":"","overlay-gradient":""},"tablet":{"background-color":"","background-image":"","background-repeat":"repeat","background-position":"center center","background-size":"auto","background-attachment":"scroll","background-type":"","background-media":"","overlay-type":"","overlay-color":"","overlay-opacity":"","overlay-gradient":""},"mobile":{"background-color":"","background-image":"","background-repeat":"repeat","background-position":"center center","background-size":"auto","background-attachment":"scroll","background-type":"","background-media":"","overlay-type":"","overlay-color":"","overlay-opacity":"","overlay-gradient":""}},"ast-content-background-meta":{"desktop":{"background-color":"var(--ast-global-color-5)","background-image":"","background-repeat":"repeat","background-position":"center center","background-size":"auto","background-attachment":"scroll","background-type":"","background-media":"","overlay-type":"","overlay-color":"","overlay-opacity":"","overlay-gradient":""},"tablet":{"background-color":"var(--ast-global-color-5)","background-image":"","background-repeat":"repeat","background-position":"center center","background-size":"auto","background-attachment":"scroll","background-type":"","background-media":"","overlay-type":"","overlay-color":"","overlay-opacity":"","overlay-gradient":""},"mobile":{"background-color":"var(--ast-global-color-5)","background-image":"","background-repeat":"repeat","background-position":"center center","background-size":"auto","background-attachment":"scroll","background-type":"","background-media":"","overlay-type":"","overlay-color":"","overlay-opacity":"","overlay-gradient":""}}},"product_cat":[21],"product_tag":[25],"class_list":{"0":"post-1477","1":"product","2":"type-product","3":"status-publish","4":"has-post-thumbnail","6":"product_cat-tienda","7":"product_tag-electrica-y-electronica","8":"desktop-align-left","9":"tablet-align-left","10":"mobile-align-left","12":"first","13":"instock","14":"shipping-taxable","15":"product-type-simple"},"_links":{"self":[{"href":"https:\/\/psi-spa.cl\/psi-spa.cl\/wp-json\/wp\/v2\/product\/1477","targetHints":{"allow":["GET"]}}],"collection":[{"href":"https:\/\/psi-spa.cl\/psi-spa.cl\/wp-json\/wp\/v2\/product"}],"about":[{"href":"https:\/\/psi-spa.cl\/psi-spa.cl\/wp-json\/wp\/v2\/types\/product"}],"wp:featuredmedia":[{"embeddable":true,"href":"https:\/\/psi-spa.cl\/psi-spa.cl\/wp-json\/wp\/v2\/media\/1468"}],"wp:attachment":[{"href":"https:\/\/psi-spa.cl\/psi-spa.cl\/wp-json\/wp\/v2\/media?parent=1477"}],"wp:term":[{"taxonomy":"product_cat","embeddable":true,"href":"https:\/\/psi-spa.cl\/psi-spa.cl\/wp-json\/wp\/v2\/product_cat?post=1477"},{"taxonomy":"product_tag","embeddable":true,"href":"https:\/\/psi-spa.cl\/psi-spa.cl\/wp-json\/wp\/v2\/product_tag?post=1477"}],"curies":[{"name":"wp","href":"https:\/\/api.w.org\/{rel}","templated":true}]}}